{"id":42,"date":"2022-03-11T18:15:03","date_gmt":"2022-03-11T15:15:03","guid":{"rendered":"http:\/\/tepekoy.de\/de\/?page_id=42"},"modified":"2022-03-11T21:23:48","modified_gmt":"2022-03-11T18:23:48","slug":"allgemeines","status":"publish","type":"page","link":"https:\/\/tepekoy.de\/de\/allgemeines\/","title":{"rendered":"Allgemeines"},"content":{"rendered":"\n<p><\/p>\n\n\n\n<div class=\"wp-block-media-text alignwide is-stacked-on-mobile\" style=\"grid-template-columns:43% auto\"><figure class=\"wp-block-media-text__media\"><img decoding=\"async\" src=\"http:\/\/tepekoy.de\/wp-content\/uploads\/2022\/03\/tepekoyehosgeldiniz.jpg\" alt=\"\" class=\"wp-image-128 size-full\"\/><\/figure><div class=\"wp-block-media-text__content\">\n<p class=\"has-medium-font-size\">Provinz: K\u0131r\u015fehir<br>Landkreis: Kaman<br>Dorf: Tepek\u00f6y<br>Einwohner: 344<br>H\u00e4user: 220<br>B\u00fcrgermeister: \u00d6mer \u015een<br>Entfernung Provinz: 35 km<br>Entfernung Landkreis: 17 km<\/p>\n<\/div><\/div>\n\n\n\n<p><\/p>\n\n\n\n<div class=\"wp-block-media-text alignwide is-stacked-on-mobile\" style=\"grid-template-columns:43% auto\"><figure class=\"wp-block-media-text__media\"><img decoding=\"async\" src=\"http:\/\/tepekoy.de\/wp-content\/uploads\/2022\/03\/okulogretmen.jpg\" alt=\"\" class=\"wp-image-129 size-full\"\/><\/figure><div class=\"wp-block-media-text__content\">\n<p class=\"has-medium-font-size\">Lehrerin und Sch\u00fcler vor der Grundschule<\/p>\n<\/div><\/div>\n\n\n\n<p><\/p>\n\n\n\n<div class=\"wp-block-media-text alignwide is-stacked-on-mobile\" style=\"grid-template-columns:43% auto\"><figure class=\"wp-block-media-text__media\"><img decoding=\"async\" src=\"http:\/\/tepekoy.de\/wp-content\/uploads\/2022\/03\/muhtarosen.jpg\" alt=\"\" class=\"wp-image-132 size-full\"\/><\/figure><div class=\"wp-block-media-text__content\">\n<p class=\"has-medium-font-size\">B\u00fcrgermeister \u00d6mer \u015een<\/p>\n<\/div><\/div>\n\n\n\n<p><\/p>\n\n\n\n<div class=\"wp-block-media-text alignwide is-stacked-on-mobile\" style=\"grid-template-columns:43% auto\"><figure class=\"wp-block-media-text__media\"><img decoding=\"async\" src=\"http:\/\/tepekoy.de\/wp-content\/uploads\/2022\/03\/imamssonmez.jpg\" alt=\"\" class=\"wp-image-130 size-full\"\/><\/figure><div class=\"wp-block-media-text__content\">\n<p class=\"has-medium-font-size\">\u0130mam Said S\u00f6nmez<\/p>\n<\/div><\/div>\n\n\n\n<p><\/p>\n\n\n\n<div class=\"wp-block-media-text alignwide is-stacked-on-mobile\" style=\"grid-template-columns:43% auto\"><figure class=\"wp-block-media-text__media\"><img decoding=\"async\" src=\"http:\/\/tepekoy.de\/wp-content\/uploads\/2022\/03\/imdatdelibas.jpg\" alt=\"\" class=\"wp-image-131 size-full\"\/><\/figure><div class=\"wp-block-media-text__content\">\n<p class=\"has-medium-font-size\">Vorsitzender des Kulturvereins Tepek\u00f6y \u0130mdat Deliba\u015f<\/p>\n<\/div><\/div>\n","protected":false},"excerpt":{"rendered":"<p>Provinz: K\u0131r\u015fehirLandkreis: KamanDorf: Tepek\u00f6yEinwohner: 344H\u00e4user: 220B\u00fcrgermeister: \u00d6mer \u015eenEntfernung Provinz: 35 kmEntfernung Landkreis: 17 km Lehrerin und Sch\u00fcler vor der Grundschule B\u00fcrgermeister \u00d6mer \u015een \u0130mam Said S\u00f6nmez Vorsitzender des Kulturvereins Tepek\u00f6y \u0130mdat Deliba\u015f<\/p>\n","protected":false},"author":1,"featured_media":0,"parent":0,"menu_order":0,"comment_status":"closed","ping_status":"closed","template":"","meta":{"_bbp_topic_count":0,"_bbp_reply_count":0,"_bbp_total_topic_count":0,"_bbp_total_reply_count":0,"_bbp_voice_count":0,"_bbp_anonymous_reply_count":0,"_bbp_topic_count_hidden":0,"_bbp_reply_count_hidden":0,"_bbp_forum_subforum_count":0,"footnotes":""},"class_list":["post-42","page","type-page","status-publish","hentry"],"_links":{"self":[{"href":"https:\/\/tepekoy.de\/de\/wp-json\/wp\/v2\/pages\/42","targetHints":{"allow":["GET"]}}],"collection":[{"href":"https:\/\/tepekoy.de\/de\/wp-json\/wp\/v2\/pages"}],"about":[{"href":"https:\/\/tepekoy.de\/de\/wp-json\/wp\/v2\/types\/page"}],"author":[{"embeddable":true,"href":"https:\/\/tepekoy.de\/de\/wp-json\/wp\/v2\/users\/1"}],"replies":[{"embeddable":true,"href":"https:\/\/tepekoy.de\/de\/wp-json\/wp\/v2\/comments?post=42"}],"version-history":[{"count":2,"href":"https:\/\/tepekoy.de\/de\/wp-json\/wp\/v2\/pages\/42\/revisions"}],"predecessor-version":[{"id":105,"href":"https:\/\/tepekoy.de\/de\/wp-json\/wp\/v2\/pages\/42\/revisions\/105"}],"wp:attachment":[{"href":"https:\/\/tepekoy.de\/de\/wp-json\/wp\/v2\/media?parent=42"}],"curies":[{"name":"wp","href":"https:\/\/api.w.org\/{rel}","templated":true}]}}