{"id":44,"date":"2022-03-11T18:15:11","date_gmt":"2022-03-11T15:15:11","guid":{"rendered":"http:\/\/tepekoy.de\/de\/?page_id=44"},"modified":"2025-06-24T19:01:42","modified_gmt":"2025-06-24T17:01:42","slug":"geschichte","status":"publish","type":"page","link":"https:\/\/tepekoy.de\/de\/geschichte\/","title":{"rendered":"Geschichte"},"content":{"rendered":"\n<p class=\"has-text-align-center\" style=\"font-style:normal;font-weight:700\">1<\/p>\n\n\n\n<p>Es existieren keine schriftlichen Quellen \u00fcber die Geschichte Tepek\u00f6ys. Aus diesem Grund ist man auf m\u00fcndliche \u00dcberlieferungen angewiesen.<\/p>\n\n\n<div class=\"wp-block-image is-resized\">\n<figure class=\"alignleft size-full\"><img loading=\"lazy\" decoding=\"async\" width=\"363\" height=\"464\" src=\"https:\/\/tepekoy.de\/de\/wp-content\/uploads\/sites\/4\/2022\/03\/osmantekin.jpg\" alt=\"\" class=\"wp-image-34\" style=\"width:212px;height:auto\" srcset=\"https:\/\/tepekoy.de\/de\/wp-content\/uploads\/sites\/4\/2022\/03\/osmantekin.jpg 363w, https:\/\/tepekoy.de\/de\/wp-content\/uploads\/sites\/4\/2022\/03\/osmantekin-235x300.jpg 235w\" sizes=\"auto, (max-width: 363px) 100vw, 363px\" \/><figcaption class=\"wp-element-caption\">Osman Tekin<\/figcaption><\/figure>\n<\/div>\n\n\n<p>Deshalb fragte ich einen der \u00e4ltesten Menschen des Dorfes, Osman Tekin, der nach alter Zeitrechnung im Jahr 338 geboren wurde. Doch selbst er ist noch zu jung, um Genaueres \u00fcber die fr\u00fche Geschichte des Dorfes zu berichten. Auch er st\u00fctzt sein Wissen auf m\u00fcndliche \u00dcberlieferungen. Osman Tekin, B\u00fcrgermeister des Dorfes von 1955 bis 1962, sch\u00e4tzt die Zahl der Bewohner im Jahr 2001 auf 400 bis 450 und die Anzahl der Familien auf etwa 70. In seiner Bl\u00fctezeit, ab etwa 1955, lebten in Tepek\u00f6y 220 Familien, was einer Einwohnerzahl von etwa 2000 Menschen entsprach.<\/p>\n\n\n\n<p>Nach Osman Tekin wurde das Dorf um das Jahr \u201e290\u201c gegr\u00fcndet, da das \u00e4lteste Grab auf dem Friedhof von Tepek\u00f6y aus diesem Jahr stammt. Zun\u00e4chst soll das Gebiet von Tepek\u00f6y ein Teil von Erbisim gewesen sein, einem Nachbardorf. Die Generation um Dede Tekin (geboren \u201e332\u201c) soll schlie\u00dflich begonnen haben, auf dem heutigen Gebiet von Tepek\u00f6y H\u00e4user zu bauen. Allm\u00e4hlich zogen weitere Menschen hinzu, unter anderem auch aus Yesili, einem weiteren Nachbardorf Tepek\u00f6ys. Schlie\u00dflich wurde das wachsende Dorf von Erbisim abgekauft und als eigenst\u00e4ndige Siedlung gegr\u00fcndet.<\/p>\n\n\n\n<p>Der Name setzt sich aus den Begriffen &#8222;Tepe&#8220; (= H\u00fcgel) und &#8222;K\u00f6y&#8220; (= Dorf) zusammen. Der Name des Dorfes k\u00f6nnte daher mit \u201eH\u00fcgeldorf\u201c \u00fcbersetzt werden.<\/p>\n\n\n\n<p>Osman Tekin erz\u00e4hlt, dass 1939, als er etwa 16 Jahre alt war, ein Erdbeben das Dorf ersch\u00fctterte und kleinere Sch\u00e4den verursachte. Er erinnert sich noch daran, wie die \u201eB\u00e4ume hin und her gesch\u00fcttelt\u201c wurden. Allerdings bemerkte er in diesem Moment nicht, dass es sich um ein Erdbeben handelte. Im Dorf glaubte man damals, dass \u201eunten Ochsen\u201c seien, die \u201emit ihren H\u00f6rnern alles gesch\u00fcttelt haben\u201c.<\/p>\n\n\n\n<p>Lange Zeit gab es in Tepek\u00f6y einen Wohlstand, den die Nachbard\u00f6rfer nicht erreichen konnten. Es wurden eine Schule, eine \u201ePolizeistation\u201c, ein Caf\u00e9 und \u00e4hnliche Geb\u00e4ude errichtet, was einem sehr hohen Standard entsprach.<\/p>\n\n\n\n<p>Die alte Moschee soll zu Zeiten von Mulla Mustafa gebaut worden sein, wurde jedoch 1997 durch die neue &#8222;Nihat Tekin Mosche&#8220; ersetzt.<\/p>\n\n\n\n<p>Die Gr\u00fcnde f\u00fcr die Abwanderung in die St\u00e4dte seit 1990 sind laut Osman Tekin vielf\u00e4ltig. Das Dorf bietet der Jugend einfach keine Zukunft. Beispielsweise gab es einige Jahre lang keine Schule.<\/p>\n\n\n\n<p>Die Felder werden oft verkauft, um mit dem Erl\u00f6s in die St\u00e4dte ziehen zu k\u00f6nnen. Ohne Felder kann ein Dorfbewohner sich jedoch nicht ern\u00e4hren. Die j\u00fcngere Generation ist also gezwungen, in die St\u00e4dte abzuwandern.<\/p>\n\n\n\n<p class=\"has-text-align-right\"><strong>Deniz-O. Tekin (2002)<\/strong><\/p>\n\n\n\n<hr class=\"wp-block-separator has-text-color has-luminous-vivid-orange-color has-alpha-channel-opacity has-luminous-vivid-orange-background-color has-background\"\/>\n\n\n\n<p class=\"has-text-align-center\" style=\"font-style:normal;font-weight:700\">2<\/p>\n\n\n\n<p>Unser Dorf wurde vor etwa 180 Jahren gegr\u00fcndet. Unser Dorf ist ein turkmenisches Dorf und besteht aus vielen St\u00e4mmen. Die ersten Familien, die sich in unserem Dorf niederlie\u00dfen, waren die Takait (K\u00f6ksal) und H\u0131d\u0131rlar (Avc\u0131) Familien.<\/p>\n\n\n<div class=\"wp-block-image\">\n<figure class=\"alignleft size-full is-resized\"><img loading=\"lazy\" decoding=\"async\" width=\"180\" height=\"119\" src=\"https:\/\/tepekoy.de\/de\/wp-content\/uploads\/sites\/4\/2022\/03\/schild.jpg\" alt=\"\" class=\"wp-image-35\" style=\"width:195px;height:auto\"\/><\/figure>\n<\/div>\n\n\n<p>Zur Zeit des Osmanischen Reiches gab es an einem Ort, der heute Ay\u0131p genannt wird und fr\u00fcher als Osman B\u00f6\u011fr\u00fc bekannt war, einen Kommandanten namens Osman Bey, der dort Soldaten ausbildete. Ein Mann namens Takait war einer der Soldaten von Osman Bey. In einer Schlacht wurde ein Teil von Takaits Nase von einem Schwert abgetrennt, woraufhin er in den Ruhestand (tekav\u00fct) versetzt wurde. Der Name Takait leitet sich von dem Wort &#8222;tekav\u00fct&#8220; ab, was \u201ejemand, der in den Ruhestand gegangen ist\u201c bedeutet.<\/p>\n\n\n\n<p>Weil Osman Bey Takait mochte, schenkte er ihm das Land, auf dem sich heute unser Dorf befindet. Sp\u00e4ter migrierten andere St\u00e4mme und lie\u00dfen sich im Dorf nieder. Die D\u00f6rfer Me\u015fek\u00f6y und Erbi\u015fim sind ebenfalls turkmenische D\u00f6rfer, aber sie wurden vor unserem Dorf gegr\u00fcndet. Das Dorf \u00d6merhac\u0131l\u0131 ist auch ein sehr altes Dorf.<\/p>\n\n\n\n<p>Die kurdischen D\u00f6rfer wurden sp\u00e4ter gegr\u00fcndet und zwar von drei Br\u00fcdern (Yusuf, Bayram und Mehmet), die aus dem Osten kamen. Das Dorf, das von Yusuf gegr\u00fcndet wurde, erhielt den Namen \u00c7ad\u0131rl\u0131 Hac\u0131 Yusuf K\u00f6y\u00fc (Unteres Kurdendorf), das von Bayram gegr\u00fcndete Dorf den Namen \u00c7ad\u0131rl\u0131 Hac\u0131 Bayram K\u00f6y\u00fc (Cinderesi), und das Dorf, das von Mehmet gegr\u00fcndet wurde, erhielt den Namen \u00c7ad\u0131rl\u0131 K\u00f6r Mehmet K\u00f6y\u00fc (Gegen\u00fcberliegendes Kurdendorf). Alle Familien in unserem Dorf stammen urspr\u00fcnglich aus Chorasan in Zentralasien und wanderten durch viele St\u00e4dte, bevor sie sich schlie\u00dflich in unserem Dorf niederlie\u00dfen.<\/p>\n\n\n\n<p class=\"has-text-align-right\" style=\"font-style:normal;font-weight:700\">Hakan Manav<\/p>\n","protected":false},"excerpt":{"rendered":"<p>1 Es existieren keine schriftlichen Quellen \u00fcber die Geschichte Tepek\u00f6ys. Aus diesem Grund ist man auf m\u00fcndliche \u00dcberlieferungen angewiesen. Deshalb fragte ich einen der \u00e4ltesten Menschen des Dorfes, Osman Tekin, der nach alter Zeitrechnung im Jahr 338 geboren wurde. Doch selbst er ist noch zu jung, um Genaueres \u00fcber die fr\u00fche Geschichte des Dorfes zu [&hellip;]<\/p>\n","protected":false},"author":1,"featured_media":0,"parent":0,"menu_order":0,"comment_status":"closed","ping_status":"closed","template":"","meta":{"_bbp_topic_count":0,"_bbp_reply_count":0,"_bbp_total_topic_count":0,"_bbp_total_reply_count":0,"_bbp_voice_count":0,"_bbp_anonymous_reply_count":0,"_bbp_topic_count_hidden":0,"_bbp_reply_count_hidden":0,"_bbp_forum_subforum_count":0,"footnotes":""},"class_list":["post-44","page","type-page","status-publish","hentry"],"_links":{"self":[{"href":"https:\/\/tepekoy.de\/de\/wp-json\/wp\/v2\/pages\/44","targetHints":{"allow":["GET"]}}],"collection":[{"href":"https:\/\/tepekoy.de\/de\/wp-json\/wp\/v2\/pages"}],"about":[{"href":"https:\/\/tepekoy.de\/de\/wp-json\/wp\/v2\/types\/page"}],"author":[{"embeddable":true,"href":"https:\/\/tepekoy.de\/de\/wp-json\/wp\/v2\/users\/1"}],"replies":[{"embeddable":true,"href":"https:\/\/tepekoy.de\/de\/wp-json\/wp\/v2\/comments?post=44"}],"version-history":[{"count":17,"href":"https:\/\/tepekoy.de\/de\/wp-json\/wp\/v2\/pages\/44\/revisions"}],"predecessor-version":[{"id":875,"href":"https:\/\/tepekoy.de\/de\/wp-json\/wp\/v2\/pages\/44\/revisions\/875"}],"wp:attachment":[{"href":"https:\/\/tepekoy.de\/de\/wp-json\/wp\/v2\/media?parent=44"}],"curies":[{"name":"wp","href":"https:\/\/api.w.org\/{rel}","templated":true}]}}