{"id":46,"date":"2022-03-11T18:15:20","date_gmt":"2022-03-11T15:15:20","guid":{"rendered":"http:\/\/tepekoy.de\/de\/?page_id=46"},"modified":"2022-03-11T21:44:41","modified_gmt":"2022-03-11T18:44:41","slug":"geographie","status":"publish","type":"page","link":"https:\/\/tepekoy.de\/de\/geographie\/","title":{"rendered":"Geographie"},"content":{"rendered":"\n<p class=\"has-text-align-center has-medium-font-size\"><strong>Standorte<\/strong><\/p>\n\n\n\n<p class=\"has-text-align-center\"><strong>A<\/strong><br>Al\u0131n P\u0131nar\u0131<br>Araplar\u0131n Ba\u011f<br>Araplar\u0131n\u00a0Belin Ard\u0131<br>A\u015fa\u011f\u0131 \u00c7ay\u0131r<br>A\u015fa\u011f\u0131 \u00d6z<br>Atarkac\u0131<br>Ay\u0131p<\/p>\n\n\n\n<p class=\"has-text-align-center\"><strong>B<\/strong><br>B\u00f6coren<br>B\u00fcy\u00fck Bel<\/p>\n\n\n\n<p class=\"has-text-align-center\"><strong>C &#8211; \u00c7<\/strong><br>\u00c7a\u011flan\u0131n Alt\u0131<br>C\u0131mb\u0131zlar\u0131n Ba\u011f<br>Cinderesinin Alt\u0131<br>\u00c7atal<\/p>\n\n\n\n<p class=\"has-text-align-center\"><strong>D<\/strong><br>Demirblaan \u00c7e\u015fme<strong><br><\/strong>Demirayak<br>Dokuz Ortak<br>D\u00fc\u011fn\u00fck Kaya<\/p>\n\n\n\n<p class=\"has-text-align-center\"><strong>E<\/strong><br>Elmal\u0131<br>Elmal\u0131n\u0131n Alt\u0131<\/p>\n\n\n\n<p class=\"has-text-align-center\"><strong>F<\/strong><br>Fandik Mezar\u0131n Ard\u0131<\/p>\n\n\n\n<p class=\"has-text-align-center\"><strong>G<\/strong><br>Gollo<br>G\u00f6 Bay\u0131r<br>G\u00fcng\u00f6rmez<\/p>\n\n\n\n<p class=\"has-text-align-center\">\u00a0<strong>H<\/strong><br>Has Bah\u00e7e<br>Hava Kar\u0131n\u0131n \u00c7e\u015fme<\/p>\n\n\n\n<p class=\"has-text-align-center\"><strong>\u0130<\/strong><br>\u0130ki K\u00fcrd\u00fcn Ara<\/p>\n\n\n\n<p class=\"has-text-align-center\"><strong>K<\/strong><br>Kakl\u0131\u011f\u0131n Dere<br>Kakl\u0131k<br>Kanl\u0131 Bent<br>Kepir<br>K\u0131rt\u0131ll\u0131k<br>Koca \u0130\u011fde<br>Kopu\u011fun Ba\u011f<br>K\u00f6m\u00fcn \u00dcst\u00fc<br>Korkuyu<br>K\u00f6pr\u00fcn\u00fcn A\u011fz\u0131<br>K\u00f6r\u00fckl\u00fc<br>K\u00f6t\u00fc Kol<br>K\u00fc\u00e7\u00fck Bel<br>K\u00fcl\u00fc\u011f\u00fcn<\/p>\n\n\n\n<p class=\"has-text-align-center\"><strong>M<\/strong><br>Maan\u0131n Ara<br>Maliken<br>Mam\u0131kl\u0131<br>Memi\u015fin Dere<br>Mezar\u0131n Ard\u0131<br>Mezar\u0131n \u00dcst\u00fc<\/p>\n\n\n\n<p class=\"has-text-align-center\"><strong>N<\/strong><br>Ne\u015fet`in Elmal\u0131k<\/p>\n\n\n\n<p class=\"has-text-align-center\"><strong>O-\u00d6<\/strong><br>Olu\u011fun Ba\u015f\u0131<br>\u00d6k\u00fcz D\u00fc\u015fen<br>\u00d6mer Tarla<br>\u00d6ren Yeri<\/p>\n\n\n\n<p class=\"has-text-align-center\"><strong>S &#8211; \u015e<\/strong><br>Soguk Sogula<br>\u015e\u0131hlar\u0131n Konak<\/p>\n\n\n\n<p class=\"has-text-align-center\"><strong>T<\/strong><br>Tahta K\u00f6pr\u00fc<\/p>\n\n\n\n<p class=\"has-text-align-center\"><strong>Y<\/strong><br>Yast\u0131 P\u0131nar<strong><br><\/strong>Yukar\u0131 \u00d6z<\/p>\n\n\n\n<p class=\"has-text-align-center\">\u00c7al\u0131\u015fmalar\u0131ndan \u00f6t\u00fcr\u00fc <strong>Avni Se\u00e7ilmi\u015f<\/strong>`e te\u015fekk\u00fcr ederiz.<br>D\u00fczeltmelerden \u00f6t\u00fcr\u00fc <strong>Bilal Yeni ve Ekrem K\u0131l\u0131\u00e7<\/strong>`a te\u015fekk\u00fcr ederiz.<\/p>\n\n\n\n<p class=\"has-text-align-center\">Bei Erg\u00e4nzungen und Verbesserungen kontaktieren Sie uns bitte unter:<br><strong>Webmaster@tepekoy.de<\/strong><\/p>\n","protected":false},"excerpt":{"rendered":"<p>Standorte AAl\u0131n P\u0131nar\u0131Araplar\u0131n Ba\u011fAraplar\u0131n\u00a0Belin Ard\u0131A\u015fa\u011f\u0131 \u00c7ay\u0131rA\u015fa\u011f\u0131 \u00d6zAtarkac\u0131Ay\u0131p BB\u00f6corenB\u00fcy\u00fck Bel C &#8211; \u00c7\u00c7a\u011flan\u0131n Alt\u0131C\u0131mb\u0131zlar\u0131n Ba\u011fCinderesinin Alt\u0131\u00c7atal DDemirblaan \u00c7e\u015fmeDemirayakDokuz OrtakD\u00fc\u011fn\u00fck Kaya EElmal\u0131Elmal\u0131n\u0131n Alt\u0131 FFandik Mezar\u0131n Ard\u0131 GGolloG\u00f6 Bay\u0131rG\u00fcng\u00f6rmez \u00a0HHas Bah\u00e7eHava Kar\u0131n\u0131n \u00c7e\u015fme \u0130\u0130ki K\u00fcrd\u00fcn Ara KKakl\u0131\u011f\u0131n DereKakl\u0131kKanl\u0131 BentKepirK\u0131rt\u0131ll\u0131kKoca \u0130\u011fdeKopu\u011fun Ba\u011fK\u00f6m\u00fcn \u00dcst\u00fcKorkuyuK\u00f6pr\u00fcn\u00fcn A\u011fz\u0131K\u00f6r\u00fckl\u00fcK\u00f6t\u00fc KolK\u00fc\u00e7\u00fck BelK\u00fcl\u00fc\u011f\u00fcn MMaan\u0131n AraMalikenMam\u0131kl\u0131Memi\u015fin DereMezar\u0131n Ard\u0131Mezar\u0131n \u00dcst\u00fc NNe\u015fet`in Elmal\u0131k O-\u00d6Olu\u011fun Ba\u015f\u0131\u00d6k\u00fcz D\u00fc\u015fen\u00d6mer Tarla\u00d6ren Yeri S [&hellip;]<\/p>\n","protected":false},"author":1,"featured_media":0,"parent":0,"menu_order":0,"comment_status":"closed","ping_status":"closed","template":"","meta":{"_bbp_topic_count":0,"_bbp_reply_count":0,"_bbp_total_topic_count":0,"_bbp_total_reply_count":0,"_bbp_voice_count":0,"_bbp_anonymous_reply_count":0,"_bbp_topic_count_hidden":0,"_bbp_reply_count_hidden":0,"_bbp_forum_subforum_count":0,"footnotes":""},"class_list":["post-46","page","type-page","status-publish","hentry"],"_links":{"self":[{"href":"https:\/\/tepekoy.de\/de\/wp-json\/wp\/v2\/pages\/46","targetHints":{"allow":["GET"]}}],"collection":[{"href":"https:\/\/tepekoy.de\/de\/wp-json\/wp\/v2\/pages"}],"about":[{"href":"https:\/\/tepekoy.de\/de\/wp-json\/wp\/v2\/types\/page"}],"author":[{"embeddable":true,"href":"https:\/\/tepekoy.de\/de\/wp-json\/wp\/v2\/users\/1"}],"replies":[{"embeddable":true,"href":"https:\/\/tepekoy.de\/de\/wp-json\/wp\/v2\/comments?post=46"}],"version-history":[{"count":4,"href":"https:\/\/tepekoy.de\/de\/wp-json\/wp\/v2\/pages\/46\/revisions"}],"predecessor-version":[{"id":115,"href":"https:\/\/tepekoy.de\/de\/wp-json\/wp\/v2\/pages\/46\/revisions\/115"}],"wp:attachment":[{"href":"https:\/\/tepekoy.de\/de\/wp-json\/wp\/v2\/media?parent=46"}],"curies":[{"name":"wp","href":"https:\/\/api.w.org\/{rel}","templated":true}]}}