{"id":48,"date":"2022-03-11T18:15:36","date_gmt":"2022-03-11T15:15:36","guid":{"rendered":"http:\/\/tepekoy.de\/de\/?page_id=48"},"modified":"2022-03-11T22:04:32","modified_gmt":"2022-03-11T19:04:32","slug":"nihat-tekin-moschee","status":"publish","type":"page","link":"https:\/\/tepekoy.de\/de\/nihat-tekin-moschee\/","title":{"rendered":"Nihat Tekin Moschee"},"content":{"rendered":"\n<div class=\"wp-block-image\"><figure class=\"alignleft size-full is-resized\"><img loading=\"lazy\" decoding=\"async\" src=\"https:\/\/tepekoy.de\/de\/wp-content\/uploads\/sites\/4\/2022\/03\/nihattekin.jpg\" alt=\"\" class=\"wp-image-26\" width=\"128\" height=\"283\"\/><figcaption>Nihat Tekin<\/figcaption><\/figure><\/div>\n\n\n\n<p>Die alte Moschee Tepek\u00f6ys wurde zu Zeiten Mullah Mustafas gebaut. Die Bev\u00f6lkerung traf 1996 die Entscheidung, die Moschee komplett zu sanieren. Grund hierf\u00fcr soll unter anderem auch ihre falsche Ausrichtung gewesen sein (sonst gen Mekka).<\/p>\n\n\n\n<p>Die neue <em>Nihat Tekin Moschee<\/em> wurde nach einer Bauzeit von einem Jahr, am 20.05.1997 fertig gestellt.&nbsp; Sie ist in der Gegend um Tepek\u00f6y die sch\u00f6nste und gr\u00f6\u00dfte Moschee und wird als seither als Wappen des Dorfes gesehen.<\/p>\n\n\n\n<p>Nihat Tekin (s. Foto) war bei den Bauarbeiten aktiv dabei, starb jedoch kurz vor Fertigstellung der Mosche an einem Herzinfarkt noch an der Baustelle. Aus diesem Grund wurde die neue Moschee auch nach ihm benannt &#8211; Nihat Tekin Moschee.<\/p>\n\n\n\n<p>Finanziert wurde die Moschee mit Spenden der im In- und Ausland lebenden Menschen, deren Urspr\u00fcnge in diesem Dorf liegen.<\/p>\n\n\n\n<p class=\"has-text-align-right\"><strong>D.-O. Tekin<\/strong><\/p>\n\n\n\n<div class=\"wp-block-image\"><figure class=\"aligncenter size-full\"><img loading=\"lazy\" decoding=\"async\" width=\"400\" height=\"267\" src=\"https:\/\/tepekoy.de\/de\/wp-content\/uploads\/sites\/4\/2022\/03\/nihattekincamii2.jpg\" alt=\"\" class=\"wp-image-28\" srcset=\"https:\/\/tepekoy.de\/de\/wp-content\/uploads\/sites\/4\/2022\/03\/nihattekincamii2.jpg 400w, https:\/\/tepekoy.de\/de\/wp-content\/uploads\/sites\/4\/2022\/03\/nihattekincamii2-300x200.jpg 300w\" sizes=\"auto, (max-width: 400px) 100vw, 400px\" \/><figcaption>Die neue Moschee<\/figcaption><\/figure><\/div>\n\n\n\n<div class=\"wp-block-image\"><figure class=\"aligncenter size-full\"><img loading=\"lazy\" decoding=\"async\" width=\"400\" height=\"267\" src=\"https:\/\/tepekoy.de\/de\/wp-content\/uploads\/sites\/4\/2022\/03\/nihattekincamii.jpg\" alt=\"\" class=\"wp-image-27\" srcset=\"https:\/\/tepekoy.de\/de\/wp-content\/uploads\/sites\/4\/2022\/03\/nihattekincamii.jpg 400w, https:\/\/tepekoy.de\/de\/wp-content\/uploads\/sites\/4\/2022\/03\/nihattekincamii-300x200.jpg 300w\" sizes=\"auto, (max-width: 400px) 100vw, 400px\" \/><figcaption>Benannt nach Nihat Tekin<\/figcaption><\/figure><\/div>\n\n\n\n<div class=\"wp-block-image\"><figure class=\"aligncenter size-full\"><img loading=\"lazy\" decoding=\"async\" width=\"400\" height=\"267\" src=\"https:\/\/tepekoy.de\/de\/wp-content\/uploads\/sites\/4\/2022\/03\/nihattekincamii3.jpg\" alt=\"\" class=\"wp-image-29\" srcset=\"https:\/\/tepekoy.de\/de\/wp-content\/uploads\/sites\/4\/2022\/03\/nihattekincamii3.jpg 400w, https:\/\/tepekoy.de\/de\/wp-content\/uploads\/sites\/4\/2022\/03\/nihattekincamii3-300x200.jpg 300w\" sizes=\"auto, (max-width: 400px) 100vw, 400px\" \/><figcaption>N.T. Moschee &#8211; Eingang<\/figcaption><\/figure><\/div>\n\n\n\n<div class=\"wp-block-image\"><figure class=\"aligncenter size-full\"><img loading=\"lazy\" decoding=\"async\" width=\"267\" height=\"400\" src=\"https:\/\/tepekoy.de\/de\/wp-content\/uploads\/sites\/4\/2022\/03\/nihattekincamii4.jpg\" alt=\"\" class=\"wp-image-30\" srcset=\"https:\/\/tepekoy.de\/de\/wp-content\/uploads\/sites\/4\/2022\/03\/nihattekincamii4.jpg 267w, https:\/\/tepekoy.de\/de\/wp-content\/uploads\/sites\/4\/2022\/03\/nihattekincamii4-200x300.jpg 200w\" sizes=\"auto, (max-width: 267px) 100vw, 267px\" \/><figcaption>N.T. Moschee<\/figcaption><\/figure><\/div>\n\n\n\n<div class=\"wp-block-image\"><figure class=\"aligncenter size-full\"><img loading=\"lazy\" decoding=\"async\" width=\"400\" height=\"267\" src=\"https:\/\/tepekoy.de\/de\/wp-content\/uploads\/sites\/4\/2022\/03\/nihattekincamii5.jpg\" alt=\"\" class=\"wp-image-31\" srcset=\"https:\/\/tepekoy.de\/de\/wp-content\/uploads\/sites\/4\/2022\/03\/nihattekincamii5.jpg 400w, https:\/\/tepekoy.de\/de\/wp-content\/uploads\/sites\/4\/2022\/03\/nihattekincamii5-300x200.jpg 300w\" sizes=\"auto, (max-width: 400px) 100vw, 400px\" \/><figcaption>N.T. Moschee<\/figcaption><\/figure><\/div>\n\n\n\n<div class=\"wp-block-image\"><figure class=\"aligncenter size-full\"><img loading=\"lazy\" decoding=\"async\" width=\"267\" height=\"400\" src=\"https:\/\/tepekoy.de\/de\/wp-content\/uploads\/sites\/4\/2022\/03\/nihattekincamii6.jpg\" alt=\"\" class=\"wp-image-32\" srcset=\"https:\/\/tepekoy.de\/de\/wp-content\/uploads\/sites\/4\/2022\/03\/nihattekincamii6.jpg 267w, https:\/\/tepekoy.de\/de\/wp-content\/uploads\/sites\/4\/2022\/03\/nihattekincamii6-200x300.jpg 200w\" sizes=\"auto, (max-width: 267px) 100vw, 267px\" \/><figcaption>N.T. Moschee<\/figcaption><\/figure><\/div>\n","protected":false},"excerpt":{"rendered":"<p>Die alte Moschee Tepek\u00f6ys wurde zu Zeiten Mullah Mustafas gebaut. Die Bev\u00f6lkerung traf 1996 die Entscheidung, die Moschee komplett zu sanieren. Grund hierf\u00fcr soll unter anderem auch ihre falsche Ausrichtung gewesen sein (sonst gen Mekka). Die neue Nihat Tekin Moschee wurde nach einer Bauzeit von einem Jahr, am 20.05.1997 fertig gestellt.&nbsp; Sie ist in der [&hellip;]<\/p>\n","protected":false},"author":1,"featured_media":0,"parent":0,"menu_order":0,"comment_status":"closed","ping_status":"closed","template":"","meta":{"_bbp_topic_count":0,"_bbp_reply_count":0,"_bbp_total_topic_count":0,"_bbp_total_reply_count":0,"_bbp_voice_count":0,"_bbp_anonymous_reply_count":0,"_bbp_topic_count_hidden":0,"_bbp_reply_count_hidden":0,"_bbp_forum_subforum_count":0,"footnotes":""},"class_list":["post-48","page","type-page","status-publish","hentry"],"_links":{"self":[{"href":"https:\/\/tepekoy.de\/de\/wp-json\/wp\/v2\/pages\/48","targetHints":{"allow":["GET"]}}],"collection":[{"href":"https:\/\/tepekoy.de\/de\/wp-json\/wp\/v2\/pages"}],"about":[{"href":"https:\/\/tepekoy.de\/de\/wp-json\/wp\/v2\/types\/page"}],"author":[{"embeddable":true,"href":"https:\/\/tepekoy.de\/de\/wp-json\/wp\/v2\/users\/1"}],"replies":[{"embeddable":true,"href":"https:\/\/tepekoy.de\/de\/wp-json\/wp\/v2\/comments?post=48"}],"version-history":[{"count":3,"href":"https:\/\/tepekoy.de\/de\/wp-json\/wp\/v2\/pages\/48\/revisions"}],"predecessor-version":[{"id":119,"href":"https:\/\/tepekoy.de\/de\/wp-json\/wp\/v2\/pages\/48\/revisions\/119"}],"wp:attachment":[{"href":"https:\/\/tepekoy.de\/de\/wp-json\/wp\/v2\/media?parent=48"}],"curies":[{"name":"wp","href":"https:\/\/api.w.org\/{rel}","templated":true}]}}