{"id":59,"date":"2022-03-11T18:17:51","date_gmt":"2022-03-11T15:17:51","guid":{"rendered":"http:\/\/tepekoy.de\/de\/?page_id=59"},"modified":"2022-03-12T00:12:37","modified_gmt":"2022-03-11T21:12:37","slug":"kulturverein","status":"publish","type":"page","link":"https:\/\/tepekoy.de\/de\/kulturverein\/","title":{"rendered":"Kulturverein"},"content":{"rendered":"\n<p class=\"has-text-align-left\">Der <strong>Kulturverein Tepek\u00f6y<\/strong> wurde 1995 in Ankara gegr\u00fcndet. Gr\u00fcndungsziel des Vereines ist es, den `hem\u015fehri` (sinngem\u00e4\u00df `Landsmann`) zu helfen, die aus Tepek\u00f6y herziehen sowie an Hochzeiten und Beerdigungen teilzunehmen und das Zusammenleben der Bewohner zu f\u00f6rdern.<\/p>\n\n\n\n<p class=\"has-text-align-center\"><strong>Anschrift:<\/strong><br>P\u0131narba\u015f\u0131 Mah. Be\u015fikta\u015f Sok.No. 29\/B<br>Ke\u00e7i\u00f6ren &#8211; Ankara<br>Tel: 0312\/3802222<br><strong><br>Mitgliedschaft:<\/strong><br><strong>\u00a0<\/strong>Eine Mitgliedschaft im Tepek\u00f6y Kulturverein ist ab dem 18. Lebensjahr f\u00fcr jeden m\u00f6glich,<br>der aus Tepek\u00f6y stammt. Die Anmeldung erfolgt pers\u00f6nlich mit dem Personalausweis.<br>Der monatliche Beitrag betr\u00e4gt 7,5 TL (ca. 3,50 Euro).<br><br><strong>Leitung:<\/strong><br><br>Vorstand:<br>\u0130mdat DEL\u0130BA\u015e (Vorsitzender)<br>Cuma \u00c7EL\u0130K<br>Mustafa K\u00d6KSAL<br>Numan TOKER<br>Vahit SE\u00c7\u0130LM\u0130\u015e<br><br>Aufsicht:<br>Oktay YE\u015e\u0130L<br>Osman ATAMER<br>Abbas ATAMER<br><br>Ersatz-Vorstand:<br>Murat SE\u00c7\u0130LM\u0130\u015e<br>Z\u00fcbeyir BARAN<br>Hac\u0131 KILI\u00c7<br>R\u0131za ALBAYRAK<br>\u00d6mer \u00c7EL\u0130K<br><br>Ersatz-Aufsicht:<br>Durdu YE\u015e\u0130L<br>Cavit SE\u00c7\u0130LM\u0130\u015e<br>Metin K\u00d6KSAL<\/p>\n\n\n\n<p class=\"has-text-align-right\">Info: <strong>Avni Se\u00e7ilmi\u015f<\/strong><br>\u00dcbersetzung und Zusammenfassung: <strong>D.O. Tekin<\/strong><\/p>\n","protected":false},"excerpt":{"rendered":"<p>Der Kulturverein Tepek\u00f6y wurde 1995 in Ankara gegr\u00fcndet. Gr\u00fcndungsziel des Vereines ist es, den `hem\u015fehri` (sinngem\u00e4\u00df `Landsmann`) zu helfen, die aus Tepek\u00f6y herziehen sowie an Hochzeiten und Beerdigungen teilzunehmen und das Zusammenleben der Bewohner zu f\u00f6rdern. Anschrift:P\u0131narba\u015f\u0131 Mah. Be\u015fikta\u015f Sok.No. 29\/BKe\u00e7i\u00f6ren &#8211; AnkaraTel: 0312\/3802222Mitgliedschaft:\u00a0Eine Mitgliedschaft im Tepek\u00f6y Kulturverein ist ab dem 18. Lebensjahr f\u00fcr jeden [&hellip;]<\/p>\n","protected":false},"author":1,"featured_media":0,"parent":0,"menu_order":0,"comment_status":"closed","ping_status":"closed","template":"","meta":{"_bbp_topic_count":0,"_bbp_reply_count":0,"_bbp_total_topic_count":0,"_bbp_total_reply_count":0,"_bbp_voice_count":0,"_bbp_anonymous_reply_count":0,"_bbp_topic_count_hidden":0,"_bbp_reply_count_hidden":0,"_bbp_forum_subforum_count":0,"footnotes":""},"class_list":["post-59","page","type-page","status-publish","hentry"],"_links":{"self":[{"href":"https:\/\/tepekoy.de\/de\/wp-json\/wp\/v2\/pages\/59","targetHints":{"allow":["GET"]}}],"collection":[{"href":"https:\/\/tepekoy.de\/de\/wp-json\/wp\/v2\/pages"}],"about":[{"href":"https:\/\/tepekoy.de\/de\/wp-json\/wp\/v2\/types\/page"}],"author":[{"embeddable":true,"href":"https:\/\/tepekoy.de\/de\/wp-json\/wp\/v2\/users\/1"}],"replies":[{"embeddable":true,"href":"https:\/\/tepekoy.de\/de\/wp-json\/wp\/v2\/comments?post=59"}],"version-history":[{"count":2,"href":"https:\/\/tepekoy.de\/de\/wp-json\/wp\/v2\/pages\/59\/revisions"}],"predecessor-version":[{"id":134,"href":"https:\/\/tepekoy.de\/de\/wp-json\/wp\/v2\/pages\/59\/revisions\/134"}],"wp:attachment":[{"href":"https:\/\/tepekoy.de\/de\/wp-json\/wp\/v2\/media?parent=59"}],"curies":[{"name":"wp","href":"https:\/\/api.w.org\/{rel}","templated":true}]}}