{"id":67,"date":"2022-03-11T18:18:47","date_gmt":"2022-03-11T15:18:47","guid":{"rendered":"http:\/\/tepekoy.de\/de\/?page_id=67"},"modified":"2022-03-12T00:09:42","modified_gmt":"2022-03-11T21:09:42","slug":"links","status":"publish","type":"page","link":"https:\/\/tepekoy.de\/de\/links\/","title":{"rendered":"Links"},"content":{"rendered":"\n<ul class=\"wp-block-list\"><li>Gemeinde K\u0131r\u015fehir: <a rel=\"noreferrer noopener\" href=\"http:\/\/www.kirsehir.bel.tr\" target=\"_blank\">http:\/\/www.kirsehir.bel.tr<\/a><\/li><li>Gemeinde Kaman: <a rel=\"noreferrer noopener\" href=\"http:\/\/www.kaman.bel.tr\" target=\"_blank\">http:\/\/www.kaman.bel.tr<\/a><\/li><li>Kleinstadt \u00d6mer Hac\u0131l\u0131: <a rel=\"noreferrer noopener\" href=\"http:\/\/www.omerhacili.com\" target=\"_blank\">http:\/\/www.omerhacili.com<\/a><\/li><li>Tepek\u00f6y FM:<\/li><\/ul>\n","protected":false},"excerpt":{"rendered":"<p>Gemeinde K\u0131r\u015fehir: http:\/\/www.kirsehir.bel.tr Gemeinde Kaman: http:\/\/www.kaman.bel.tr Kleinstadt \u00d6mer Hac\u0131l\u0131: http:\/\/www.omerhacili.com Tepek\u00f6y FM:<\/p>\n","protected":false},"author":1,"featured_media":0,"parent":0,"menu_order":0,"comment_status":"closed","ping_status":"closed","template":"","meta":{"_bbp_topic_count":0,"_bbp_reply_count":0,"_bbp_total_topic_count":0,"_bbp_total_reply_count":0,"_bbp_voice_count":0,"_bbp_anonymous_reply_count":0,"_bbp_topic_count_hidden":0,"_bbp_reply_count_hidden":0,"_bbp_forum_subforum_count":0,"footnotes":""},"class_list":["post-67","page","type-page","status-publish","hentry"],"_links":{"self":[{"href":"https:\/\/tepekoy.de\/de\/wp-json\/wp\/v2\/pages\/67","targetHints":{"allow":["GET"]}}],"collection":[{"href":"https:\/\/tepekoy.de\/de\/wp-json\/wp\/v2\/pages"}],"about":[{"href":"https:\/\/tepekoy.de\/de\/wp-json\/wp\/v2\/types\/page"}],"author":[{"embeddable":true,"href":"https:\/\/tepekoy.de\/de\/wp-json\/wp\/v2\/users\/1"}],"replies":[{"embeddable":true,"href":"https:\/\/tepekoy.de\/de\/wp-json\/wp\/v2\/comments?post=67"}],"version-history":[{"count":2,"href":"https:\/\/tepekoy.de\/de\/wp-json\/wp\/v2\/pages\/67\/revisions"}],"predecessor-version":[{"id":132,"href":"https:\/\/tepekoy.de\/de\/wp-json\/wp\/v2\/pages\/67\/revisions\/132"}],"wp:attachment":[{"href":"https:\/\/tepekoy.de\/de\/wp-json\/wp\/v2\/media?parent=67"}],"curies":[{"name":"wp","href":"https:\/\/api.w.org\/{rel}","templated":true}]}}