{"id":871,"date":"2024-05-31T21:29:40","date_gmt":"2024-05-31T19:29:40","guid":{"rendered":"https:\/\/tepekoy.de\/de\/?page_id=871"},"modified":"2025-02-22T21:32:15","modified_gmt":"2025-02-22T20:32:15","slug":"geschichte-tepekoeys-und-der-region","status":"publish","type":"page","link":"https:\/\/tepekoy.de\/de\/geschichte-tepekoeys-und-der-region\/","title":{"rendered":"Geschichte Tepek\u00f6ys und der Region"},"content":{"rendered":"\n<p>Tepek\u00f6y ist ein Dorf im Landkreis Kaman der Provinz K\u0131r\u015fehir. Die geografische Lage von K\u0131r\u015fehir hat im Laufe der Jahrhunderte viele verschiedene Zivilisationen gepr\u00e4gt, und daher tragen auch die D\u00f6rfer der Region tiefe Spuren aus dieser historischen Entwicklung.<\/p>\n\n\n\n<p>Ein wichtiger Punkt ist jedoch, dass Tepek\u00f6y keine uralte Siedlung ist. Das Dorf ist eher eine moderne Siedlung, die in j\u00fcngerer Zeit entstanden ist. Das bedeutet, dass die historische Vergangenheit des Dorfes nicht aus antiken oder fr\u00fchzeitlichen Epochen stammt, sondern viel n\u00e4her in der Zeit liegt.<\/p>\n\n\n\n<p><strong>Die historischen Verbindungen von K\u0131r\u015fehir und Kaman<\/strong><\/p>\n\n\n\n<p>K\u0131r\u015fehir liegt in der Zentralanatolischen Region der T\u00fcrkei und war historisch gesehen von vielen Zivilisationen beeinflusst. Diese Situation zeigt sich auch im Landkreis Kaman. Kaman ist sowohl eine Region mit antiken Siedlungen als auch mit zahlreichen historischen Bauwerken.<\/p>\n\n\n\n<p><strong>Pr\u00e4historische Zeit und fr\u00fche Siedlungen<\/strong><\/p>\n\n\n\n<p>Kaman wurde in der pr\u00e4historischen Zeit von verschiedenen V\u00f6lkern als Siedlungsgebiet genutzt. Diese Region geh\u00f6rt zu den fr\u00fchen Siedlungsgebieten Anatoliens. Kaman Kaleh\u00f6y\u00fck ist eines der wichtigsten Beispiele f\u00fcr diese fr\u00fchen Siedlungen. Aus den dort durchgef\u00fchrten Ausgrabungen wurden Siedlungsspuren gefunden, die bis in die Jahre um 3000 v. Chr. zur\u00fcckreichen. Kaleh\u00f6y\u00fck beherbergt zahlreiche Funde aus der pr\u00e4historischen und fr\u00fchen historischen Zeit. Die Ausgrabungen haben gezeigt, dass die Region von gro\u00dfen Zivilisationen wie den Assyrern und den Hethitern beeinflusst wurde.<\/p>\n\n\n\n<p><strong>Assyrische und Hethitische Perioden<\/strong><\/p>\n\n\n\n<p>Im 2. Jahrtausend v. Chr. war Kaman ein Teil der Assyrischen Handelskolonien. In dieser Zeit war die Region um Kaman Kaleh\u00f6y\u00fck unter assyrischer Verwaltung ein bedeutendes Handelszentrum. Die Assyrer spielten eine wichtige Rolle auf den Handelswegen im Inneren Anatoliens und nutzten diese Region. Gleichzeitig bereicherten sich die ans\u00e4ssigen V\u00f6lker durch lokalen Handel und kulturelle Interaktionen.<\/p>\n\n\n\n<p>Die Hethitische Periode stellt ebenfalls einen wichtigen \u00dcbergang f\u00fcr Kaman dar. Die Hethiter \u00fcbernahmen die Region und machten Kaman zu einem wichtigen Siedlungszentrum. Zahlreiche arch\u00e4ologische Funde aus der Zeit der Hethiter werfen ein Licht auf die historische Tiefe der Region. In dieser Zeit wurde Kaman sowohl milit\u00e4risch als auch wirtschaftlich zu einer wertvollen Region.<\/p>\n\n\n\n<p><strong>Hellenistische Periode und R\u00f6misches Imperium<\/strong><\/p>\n\n\n\n<p>In der hellenistischen Zeit geriet Kaman nach den Eroberungen von Alexander dem Gro\u00dfen unter die Kontrolle des Seleukidenreichs. In dieser Zeit blieb die Region sowohl kulturell als auch wirtschaftlich ein bedeutendes Zentrum. Kaman lag auch weiterhin an alten Handelswegen und war daher von vielen verschiedenen Zivilisationen beeinflusst.<\/p>\n\n\n\n<p>Unter der r\u00f6mischen Herrschaft wurde die Region um Kaman zu einer der bedeutenden Siedlungen des R\u00f6mischen Imperiums in Anatolien. Die r\u00f6mische Periode brachte f\u00fcr Kaman sowohl kulturelle als auch soziale Entwicklungen mit sich. Die Region Kaman war besonders f\u00fcr ihre fruchtbaren B\u00f6den bekannt, was sie zu einem wichtigen landwirtschaftlichen Zentrum machte. Aus der r\u00f6mischen Zeit stammende Artefakte erm\u00f6glichen es noch heute, wichtige Siedlungsspuren und kulturelle Einfl\u00fcsse zu erkennen.<\/p>\n\n\n\n<p><strong>Byzantinische Zeit und Seldschukenherrschaft<\/strong><\/p>\n\n\n\n<p>Nach dem Untergang des R\u00f6mischen Reiches fiel die Region Kaman an das Byzantinische Reich. In der Zeit des Byzantinischen Reiches entstanden in der Umgebung von Kaman kleinere Siedlungen und D\u00f6rfer. Diese Epoche war jedoch von einer eher schwachen Entwicklung gepr\u00e4gt, in der vor allem tempor\u00e4re Siedlungen entstanden. In Kaman gab es zu dieser Zeit keine gro\u00dfen Bauprojekte oder wesentliche Entwicklungen.<\/p>\n\n\n\n<p>Mit der Ankunft der T\u00fcrken in Anatolien kam Kaman unter die Herrschaft der Seldschuken. Nach der Schlacht von Manzikert im Jahr 1071 begannen die Seldschuken, Anatolien zu erobern, und Kaman war Teil dieser Eroberungen. In der Seldschukenzeit wurde die Region Kaman neu gestaltet, und es kam zu bedeutenden architektonischen und kulturellen Entwicklungen. Kaman und die umliegenden Gebiete waren aufgrund ihrer Lage an wichtigen Handels- und Milit\u00e4rwegen von strategischer Bedeutung. In dieser Zeit wurden viele Moscheen, Karawansereien und Br\u00fccken erbaut. Auch heute noch sind die Spuren der seldschukischen Architektur in vielen Geb\u00e4uden von Kaman zu finden.<\/p>\n\n\n\n<p><strong>Osmanische Periode<\/strong><\/p>\n\n\n\n<p>Die Osmanische \u00c4ra war eine weitere wichtige Entwicklungsphase f\u00fcr Kaman. Nach der osmanischen Eroberung wurde Kaman ein Teil des Osmanischen Reiches und entwickelte sich zu einem bedeutenden Siedlungsgebiet. In der Osmanischen Zeit war Kaman ein bedeutendes Zentrum f\u00fcr landwirtschaftliche Produktion. Die Region lebte vor allem von Landwirtschaft und Viehzucht. Das Osmanische Reich f\u00fchrte in Kaman viele soziale, kulturelle und wirtschaftliche Strukturen ein. Kaman entwickelte sich sowohl im Handel als auch in der Landwirtschaft weiter.<\/p>\n\n\n\n<p>W\u00e4hrend der Osmanischen Zeit gab es zahlreiche Ver\u00e4nderungen im allt\u00e4glichen Leben der Menschen, und traditionelle Dorfstrukturen und soziale Ordnungen wurden neu gestaltet. In dieser Zeit wurde Kaman auch in religi\u00f6ser Hinsicht bereichert, mit dem Bau vieler Moscheen, Gr\u00e4ber und anderer religi\u00f6ser Geb\u00e4ude.<\/p>\n\n\n\n<p><strong>Republikzeit und moderne Zeit<\/strong><\/p>\n\n\n\n<p>Nach der Gr\u00fcndung der Republik T\u00fcrkei begann sich Kaman als Teil des modernen Staates weiterzuentwickeln. In der Republikzeit begann sich die Infrastruktur von Kaman zu modernisieren, und es gab bedeutende Fortschritte im Bildungs- und Gesundheitswesen. 1924 erhielt Kaman den Status einer Gemeinde und wurde 1944 zum Landkreis erhoben.<\/p>\n\n\n\n<p>Ab den 1950er Jahren begann die Migration aus den D\u00f6rfern Kaman in gro\u00dfe St\u00e4dte und nach Europa, was die lokale Bev\u00f6lkerungsstruktur ver\u00e4nderte. Dennoch blieben Landwirtschaft und Viehzucht nach wie vor die wichtigsten Einnahmequellen der Region.<\/p>\n\n\n\n<p><strong>Arch\u00e4ologisches und kulturelles Erbe<\/strong><\/p>\n\n\n\n<p>Kaman hat besonders durch die Ausgrabungen in Kaman Kaleh\u00f6y\u00fck an historischer Bedeutung gewonnen. Dieser H\u00fcgel beherbergt Siedlungsspuren, die bis in das Jahr 3000 v. Chr. zur\u00fcckreichen, und gilt als eines der \u00e4ltesten Siedlungsgebiete der Region. Kaman Kaleh\u00f6y\u00fck beherbergt zahlreiche Funde aus der assyrischen, hethitischen, r\u00f6mischen, byzantinischen und osmanischen Zeit.<\/p>\n\n\n\n<p>Heute ist die Region Kaman aufgrund ihres historischen und kulturellen Erbes von Bedeutung. Arch\u00e4ologische Ausgrabungen haben viele unbekannte Aspekte der Geschichte dieser Region ans Licht gebracht und sind von gro\u00dfer historischer Bedeutung. Auch die modernen Strukturen in Kaman haben sich mit dem traditionellen Dorfleben vermischt und einen einzigartigen Lebensstil hervorgebracht.<\/p>\n\n\n\n<p class=\"has-text-align-right\"><strong>Deniz-O. Tekin (31.05.2024)<\/strong><\/p>\n","protected":false},"excerpt":{"rendered":"<p>Tepek\u00f6y ist ein Dorf im Landkreis Kaman der Provinz K\u0131r\u015fehir. Die geografische Lage von K\u0131r\u015fehir hat im Laufe der Jahrhunderte viele verschiedene Zivilisationen gepr\u00e4gt, und daher tragen auch die D\u00f6rfer der Region tiefe Spuren aus dieser historischen Entwicklung. Ein wichtiger Punkt ist jedoch, dass Tepek\u00f6y keine uralte Siedlung ist. Das Dorf ist eher eine moderne [&hellip;]<\/p>\n","protected":false},"author":1,"featured_media":0,"parent":0,"menu_order":0,"comment_status":"closed","ping_status":"closed","template":"","meta":{"_bbp_topic_count":0,"_bbp_reply_count":0,"_bbp_total_topic_count":0,"_bbp_total_reply_count":0,"_bbp_voice_count":0,"_bbp_anonymous_reply_count":0,"_bbp_topic_count_hidden":0,"_bbp_reply_count_hidden":0,"_bbp_forum_subforum_count":0,"footnotes":""},"class_list":["post-871","page","type-page","status-publish","hentry"],"_links":{"self":[{"href":"https:\/\/tepekoy.de\/de\/wp-json\/wp\/v2\/pages\/871","targetHints":{"allow":["GET"]}}],"collection":[{"href":"https:\/\/tepekoy.de\/de\/wp-json\/wp\/v2\/pages"}],"about":[{"href":"https:\/\/tepekoy.de\/de\/wp-json\/wp\/v2\/types\/page"}],"author":[{"embeddable":true,"href":"https:\/\/tepekoy.de\/de\/wp-json\/wp\/v2\/users\/1"}],"replies":[{"embeddable":true,"href":"https:\/\/tepekoy.de\/de\/wp-json\/wp\/v2\/comments?post=871"}],"version-history":[{"count":1,"href":"https:\/\/tepekoy.de\/de\/wp-json\/wp\/v2\/pages\/871\/revisions"}],"predecessor-version":[{"id":872,"href":"https:\/\/tepekoy.de\/de\/wp-json\/wp\/v2\/pages\/871\/revisions\/872"}],"wp:attachment":[{"href":"https:\/\/tepekoy.de\/de\/wp-json\/wp\/v2\/media?parent=871"}],"curies":[{"name":"wp","href":"https:\/\/api.w.org\/{rel}","templated":true}]}}