{"id":13,"date":"2022-03-01T00:14:39","date_gmt":"2022-02-28T21:14:39","guid":{"rendered":"http:\/\/tepekoy.de\/en\/?page_id=13"},"modified":"2024-09-03T20:07:52","modified_gmt":"2024-09-03T19:07:52","slug":"home","status":"publish","type":"page","link":"https:\/\/tepekoy.de\/en\/","title":{"rendered":"Home"},"content":{"rendered":"\n<p class=\"has-text-align-center has-medium-font-size\"><strong>Welcome to the website of Tepek\u00f6y, located in the Kaman district of K\u0131r\u015fehir Province<\/strong><\/p>\n\n\n<div class=\"wp-block-image\">\n<figure class=\"aligncenter size-large is-resized\"><img loading=\"lazy\" decoding=\"async\" width=\"1024\" height=\"575\" src=\"https:\/\/tepekoy.de\/en\/wp-content\/uploads\/sites\/5\/2022\/03\/hintergrundhome-1024x575.jpg\" alt=\"\" class=\"wp-image-70\" style=\"aspect-ratio:1.7797619047619047;width:598px;height:auto\" srcset=\"https:\/\/tepekoy.de\/en\/wp-content\/uploads\/sites\/5\/2022\/03\/hintergrundhome-1024x575.jpg 1024w, https:\/\/tepekoy.de\/en\/wp-content\/uploads\/sites\/5\/2022\/03\/hintergrundhome-300x169.jpg 300w, https:\/\/tepekoy.de\/en\/wp-content\/uploads\/sites\/5\/2022\/03\/hintergrundhome-768x432.jpg 768w, https:\/\/tepekoy.de\/en\/wp-content\/uploads\/sites\/5\/2022\/03\/hintergrundhome.jpg 1260w\" sizes=\"auto, (max-width: 1024px) 100vw, 1024px\" \/><\/figure>\n<\/div>\n\n\n<p><\/p>\n\n\n\n<p>Our Tepek\u00f6y website was <strong>relaunched on March 30, 2022, after extensive work, with a new infrastructure, design, and content<\/strong>. With the new infrastructure, we will be able to implement updates more easily and efficiently. Additionally, various other issues have been resolved. We would like to <strong>thank our friend Mino \u015eim\u015fek for his efforts in the creation of the new site<\/strong>.<\/p>\n\n\n\n<p>One of the goals of the website established in 2000 was to serve as <strong>an archive for our village<\/strong>. To achieve this goal and to address the shortcomings on the page, please send us information and pictures. If you have photos of deceased individuals or former village heads, please reach out to us so we can publish them on the site. <strong>You can use the form below for your communications and submissions.<\/strong><\/p>\n\n\n\n<p>We hope you enjoy our site and look forward to your feedback and suggestions&#8230;<\/p>\n\n\n\n<p class=\"has-text-align-right\">Deniz-O. Tekin<\/p>\n\n\n\n<hr class=\"wp-block-separator has-text-color has-luminous-vivid-orange-color has-alpha-channel-opacity has-luminous-vivid-orange-background-color has-background\"\/>\n\n\n\n<div class=\"wp-block-contact-form-7-contact-form-selector\">\n<div class=\"wpcf7 no-js\" id=\"wpcf7-f4-o1\" lang=\"en-US\" dir=\"ltr\" data-wpcf7-id=\"4\">\n<div class=\"screen-reader-response\"><p role=\"status\" aria-live=\"polite\" aria-atomic=\"true\"><\/p> <ul><\/ul><\/div>\n<form action=\"\/en\/wp-json\/wp\/v2\/pages\/13#wpcf7-f4-o1\" method=\"post\" class=\"wpcf7-form init\" aria-label=\"Contact form\" novalidate=\"novalidate\" data-status=\"init\">\n<fieldset class=\"hidden-fields-container\"><input type=\"hidden\" name=\"_wpcf7\" value=\"4\" \/><input type=\"hidden\" name=\"_wpcf7_version\" value=\"6.1.5\" \/><input type=\"hidden\" name=\"_wpcf7_locale\" value=\"en_US\" \/><input type=\"hidden\" name=\"_wpcf7_unit_tag\" value=\"wpcf7-f4-o1\" \/><input type=\"hidden\" name=\"_wpcf7_container_post\" value=\"0\" \/><input type=\"hidden\" name=\"_wpcf7_posted_data_hash\" value=\"\" \/>\n<\/fieldset>\n<p><label> Your name<br \/>\n<span class=\"wpcf7-form-control-wrap\" data-name=\"your-name\"><input size=\"40\" maxlength=\"400\" class=\"wpcf7-form-control wpcf7-text wpcf7-validates-as-required\" aria-required=\"true\" aria-invalid=\"false\" value=\"\" type=\"text\" name=\"your-name\" \/><\/span> <\/label>\n<\/p>\n<p><label> Your email<br \/>\n<span class=\"wpcf7-form-control-wrap\" data-name=\"your-email\"><input size=\"40\" maxlength=\"400\" class=\"wpcf7-form-control wpcf7-email wpcf7-validates-as-required wpcf7-text wpcf7-validates-as-email\" aria-required=\"true\" aria-invalid=\"false\" value=\"\" type=\"email\" name=\"your-email\" \/><\/span> <\/label>\n<\/p>\n<p><label> Subject<br \/>\n<span class=\"wpcf7-form-control-wrap\" data-name=\"your-subject\"><input size=\"40\" maxlength=\"400\" class=\"wpcf7-form-control wpcf7-text wpcf7-validates-as-required\" aria-required=\"true\" aria-invalid=\"false\" value=\"\" type=\"text\" name=\"your-subject\" \/><\/span> <\/label>\n<\/p>\n<p><label> Your message (optional)<br \/>\n<span class=\"wpcf7-form-control-wrap\" data-name=\"your-message\"><textarea cols=\"40\" rows=\"10\" maxlength=\"2000\" class=\"wpcf7-form-control wpcf7-textarea\" aria-invalid=\"false\" name=\"your-message\"><\/textarea><\/span> <\/label>\n<\/p>\n<p><input class=\"wpcf7-form-control wpcf7-submit has-spinner\" type=\"submit\" value=\"Submit\" \/>\n<\/p><p style=\"display: none !important;\" class=\"akismet-fields-container\" data-prefix=\"_wpcf7_ak_\"><label>&#916;<textarea name=\"_wpcf7_ak_hp_textarea\" cols=\"45\" rows=\"8\" maxlength=\"100\"><\/textarea><\/label><input type=\"hidden\" id=\"ak_js_1\" name=\"_wpcf7_ak_js\" value=\"213\"\/><script>document.getElementById( \"ak_js_1\" ).setAttribute( \"value\", ( new Date() ).getTime() );<\/script><\/p><div class=\"wpcf7-response-output\" aria-hidden=\"true\"><\/div>\n<\/form>\n<\/div>\n<\/div>\n","protected":false},"excerpt":{"rendered":"<p>Welcome to the website of Tepek\u00f6y, located in the Kaman district of K\u0131r\u015fehir Province Our Tepek\u00f6y website was relaunched on March 30, 2022, after extensive work, with a new infrastructure, design, and content. With the new infrastructure, we will be able to implement updates more easily and efficiently. Additionally, various other issues have been resolved. [&hellip;]<\/p>\n","protected":false},"author":1,"featured_media":0,"parent":0,"menu_order":0,"comment_status":"closed","ping_status":"closed","template":"","meta":{"_bbp_topic_count":0,"_bbp_reply_count":0,"_bbp_total_topic_count":0,"_bbp_total_reply_count":0,"_bbp_voice_count":0,"_bbp_anonymous_reply_count":0,"_bbp_topic_count_hidden":0,"_bbp_reply_count_hidden":0,"_bbp_forum_subforum_count":0,"footnotes":""},"class_list":["post-13","page","type-page","status-publish","hentry"],"_links":{"self":[{"href":"https:\/\/tepekoy.de\/en\/wp-json\/wp\/v2\/pages\/13","targetHints":{"allow":["GET"]}}],"collection":[{"href":"https:\/\/tepekoy.de\/en\/wp-json\/wp\/v2\/pages"}],"about":[{"href":"https:\/\/tepekoy.de\/en\/wp-json\/wp\/v2\/types\/page"}],"author":[{"embeddable":true,"href":"https:\/\/tepekoy.de\/en\/wp-json\/wp\/v2\/users\/1"}],"replies":[{"embeddable":true,"href":"https:\/\/tepekoy.de\/en\/wp-json\/wp\/v2\/comments?post=13"}],"version-history":[{"count":14,"href":"https:\/\/tepekoy.de\/en\/wp-json\/wp\/v2\/pages\/13\/revisions"}],"predecessor-version":[{"id":459,"href":"https:\/\/tepekoy.de\/en\/wp-json\/wp\/v2\/pages\/13\/revisions\/459"}],"wp:attachment":[{"href":"https:\/\/tepekoy.de\/en\/wp-json\/wp\/v2\/media?parent=13"}],"curies":[{"name":"wp","href":"https:\/\/api.w.org\/{rel}","templated":true}]}}