{"id":188,"date":"2022-07-09T21:28:00","date_gmt":"2022-07-09T18:28:00","guid":{"rendered":"http:\/\/tepekoy.de\/en\/?page_id=188"},"modified":"2022-07-09T21:45:04","modified_gmt":"2022-07-09T18:45:04","slug":"surnames","status":"publish","type":"page","link":"https:\/\/tepekoy.de\/en\/surnames\/","title":{"rendered":"Surnames"},"content":{"rendered":"\n<p class=\"has-text-align-center\"><strong>A<\/strong><br>Albayrak<br>Aslan<br>Atamer<br>Avc\u0131<\/p>\n\n\n\n<p class=\"has-text-align-center\"><strong>B<\/strong><br>Baran<br>Bay\u0131nd\u0131r<br>Bay\u0131r<br>Borlu<br>Buyruk<\/p>\n\n\n\n<p class=\"has-text-align-center\"><strong>C<\/strong> <strong>&#8211;<\/strong> <strong>\u00c7<\/strong><br>\u00c7elik<br>\u00c7etiner<\/p>\n\n\n\n<p class=\"has-text-align-center\"><strong>D<\/strong><br>Deliba\u015f<br>Demir<\/p>\n\n\n\n<p class=\"has-text-align-center\"><strong>E<\/strong><br>Er<\/p>\n\n\n\n<p class=\"has-text-align-center\"><strong>G<\/strong><br>G\u00f6kmen<\/p>\n\n\n\n<p class=\"has-text-align-center\"><strong>H<\/strong><br>Hekim<br>Herg\u00fcl<\/p>\n\n\n\n<p class=\"has-text-align-center\"><strong>\u0130<\/strong><br>\u0130lanbey<\/p>\n\n\n\n<p class=\"has-text-align-center\"><strong>K<\/strong><br>Kili\u00e7<br>K\u00f6ksal<br>Kurt<\/p>\n\n\n\n<p class=\"has-text-align-center\"><strong>M<\/strong><br>Manav<\/p>\n\n\n\n<p class=\"has-text-align-center\"><strong>P<\/strong><br>Pakel<br>Pekel<\/p>\n\n\n\n<p class=\"has-text-align-center\"><strong>S &#8211; \u015e<\/strong><br>Sa\u011flam<br>Se\u00e7ilmi\u015f<br>\u015een<\/p>\n\n\n\n<p class=\"has-text-align-center\"><strong>T<\/strong><br>Tekin<br>Toker<br>Tosun<\/p>\n\n\n\n<p class=\"has-text-align-center\"><strong>Y<\/strong><br>Ye\u015fil<br>Yilmaz<\/p>\n","protected":false},"excerpt":{"rendered":"<p>AAlbayrakAslanAtamerAvc\u0131 BBaranBay\u0131nd\u0131rBay\u0131rBorluBuyruk C &#8211; \u00c7\u00c7elik\u00c7etiner DDeliba\u015fDemir EEr GG\u00f6kmen HHekimHerg\u00fcl \u0130\u0130lanbey KKili\u00e7K\u00f6ksalKurt MManav PPakelPekel S &#8211; \u015eSa\u011flamSe\u00e7ilmi\u015f\u015een TTekinTokerTosun YYe\u015filYilmaz<\/p>\n","protected":false},"author":1,"featured_media":0,"parent":0,"menu_order":0,"comment_status":"closed","ping_status":"closed","template":"","meta":{"_bbp_topic_count":0,"_bbp_reply_count":0,"_bbp_total_topic_count":0,"_bbp_total_reply_count":0,"_bbp_voice_count":0,"_bbp_anonymous_reply_count":0,"_bbp_topic_count_hidden":0,"_bbp_reply_count_hidden":0,"_bbp_forum_subforum_count":0,"footnotes":""},"class_list":["post-188","page","type-page","status-publish","hentry"],"_links":{"self":[{"href":"https:\/\/tepekoy.de\/en\/wp-json\/wp\/v2\/pages\/188","targetHints":{"allow":["GET"]}}],"collection":[{"href":"https:\/\/tepekoy.de\/en\/wp-json\/wp\/v2\/pages"}],"about":[{"href":"https:\/\/tepekoy.de\/en\/wp-json\/wp\/v2\/types\/page"}],"author":[{"embeddable":true,"href":"https:\/\/tepekoy.de\/en\/wp-json\/wp\/v2\/users\/1"}],"replies":[{"embeddable":true,"href":"https:\/\/tepekoy.de\/en\/wp-json\/wp\/v2\/comments?post=188"}],"version-history":[{"count":2,"href":"https:\/\/tepekoy.de\/en\/wp-json\/wp\/v2\/pages\/188\/revisions"}],"predecessor-version":[{"id":190,"href":"https:\/\/tepekoy.de\/en\/wp-json\/wp\/v2\/pages\/188\/revisions\/190"}],"wp:attachment":[{"href":"https:\/\/tepekoy.de\/en\/wp-json\/wp\/v2\/media?parent=188"}],"curies":[{"name":"wp","href":"https:\/\/api.w.org\/{rel}","templated":true}]}}