{"id":19,"date":"2022-03-10T19:19:39","date_gmt":"2022-03-10T16:19:39","guid":{"rendered":"http:\/\/tepekoy.de\/en\/?page_id=19"},"modified":"2022-03-11T00:16:58","modified_gmt":"2022-03-10T21:16:58","slug":"general-informations","status":"publish","type":"page","link":"https:\/\/tepekoy.de\/en\/general-informations\/","title":{"rendered":"General Informations"},"content":{"rendered":"\n<div class=\"wp-block-media-text alignwide is-stacked-on-mobile\" style=\"grid-template-columns:37% auto\"><figure class=\"wp-block-media-text__media\"><img loading=\"lazy\" decoding=\"async\" width=\"320\" height=\"240\" src=\"https:\/\/tepekoy.de\/en\/wp-content\/uploads\/sites\/5\/2022\/03\/tepekoyehosgeldiniz.jpg\" alt=\"\" class=\"wp-image-37 size-full\" srcset=\"https:\/\/tepekoy.de\/en\/wp-content\/uploads\/sites\/5\/2022\/03\/tepekoyehosgeldiniz.jpg 320w, https:\/\/tepekoy.de\/en\/wp-content\/uploads\/sites\/5\/2022\/03\/tepekoyehosgeldiniz-300x225.jpg 300w\" sizes=\"auto, (max-width: 320px) 100vw, 320px\" \/><\/figure><div class=\"wp-block-media-text__content\">\n<p class=\"has-medium-font-size\">Province: K\u0131r\u015fehir<br>District: Kaman<br>Village: Tepek\u00f6y<br>Population: 344<br>Number of Houses: 220<br>Mukhtar: \u00d6mer \u015een<br>Distance to Province: 35 km<br>Distance to District: 17 km<\/p>\n<\/div><\/div>\n\n\n\n<p><\/p>\n\n\n\n<div class=\"wp-block-media-text alignwide is-stacked-on-mobile\" style=\"grid-template-columns:37% auto\"><figure class=\"wp-block-media-text__media\"><img loading=\"lazy\" decoding=\"async\" width=\"320\" height=\"240\" src=\"https:\/\/tepekoy.de\/en\/wp-content\/uploads\/sites\/5\/2022\/03\/okulogretmen.jpg\" alt=\"\" class=\"wp-image-35 size-full\" srcset=\"https:\/\/tepekoy.de\/en\/wp-content\/uploads\/sites\/5\/2022\/03\/okulogretmen.jpg 320w, https:\/\/tepekoy.de\/en\/wp-content\/uploads\/sites\/5\/2022\/03\/okulogretmen-300x225.jpg 300w\" sizes=\"auto, (max-width: 320px) 100vw, 320px\" \/><\/figure><div class=\"wp-block-media-text__content\">\n<p class=\"has-medium-font-size\">Students and teacher in front of the Primary School of the Village<\/p>\n<\/div><\/div>\n\n\n\n<p><\/p>\n\n\n\n<div class=\"wp-block-media-text alignwide is-stacked-on-mobile\" style=\"grid-template-columns:37% auto\"><figure class=\"wp-block-media-text__media\"><img loading=\"lazy\" decoding=\"async\" width=\"320\" height=\"232\" src=\"https:\/\/tepekoy.de\/en\/wp-content\/uploads\/sites\/5\/2022\/03\/muhtarosen.jpg\" alt=\"\" class=\"wp-image-25 size-full\" srcset=\"https:\/\/tepekoy.de\/en\/wp-content\/uploads\/sites\/5\/2022\/03\/muhtarosen.jpg 320w, https:\/\/tepekoy.de\/en\/wp-content\/uploads\/sites\/5\/2022\/03\/muhtarosen-300x218.jpg 300w\" sizes=\"auto, (max-width: 320px) 100vw, 320px\" \/><\/figure><div class=\"wp-block-media-text__content\">\n<p class=\"has-medium-font-size\">Local Administrator (Mukhtar): \u00d6mer \u015een<\/p>\n<\/div><\/div>\n\n\n\n<p><\/p>\n\n\n\n<div class=\"wp-block-media-text alignwide is-stacked-on-mobile\" style=\"grid-template-columns:37% auto\"><figure class=\"wp-block-media-text__media\"><img loading=\"lazy\" decoding=\"async\" width=\"320\" height=\"240\" src=\"https:\/\/tepekoy.de\/en\/wp-content\/uploads\/sites\/5\/2022\/03\/imamssonmez.jpg\" alt=\"\" class=\"wp-image-21 size-full\" srcset=\"https:\/\/tepekoy.de\/en\/wp-content\/uploads\/sites\/5\/2022\/03\/imamssonmez.jpg 320w, https:\/\/tepekoy.de\/en\/wp-content\/uploads\/sites\/5\/2022\/03\/imamssonmez-300x225.jpg 300w\" sizes=\"auto, (max-width: 320px) 100vw, 320px\" \/><\/figure><div class=\"wp-block-media-text__content\">\n<p class=\"has-medium-font-size\">Imam Said S\u00f6nmez<\/p>\n<\/div><\/div>\n\n\n\n<p><\/p>\n\n\n\n<div class=\"wp-block-media-text alignwide is-stacked-on-mobile\" style=\"grid-template-columns:37% auto\"><figure class=\"wp-block-media-text__media\"><img loading=\"lazy\" decoding=\"async\" width=\"320\" height=\"240\" src=\"https:\/\/tepekoy.de\/en\/wp-content\/uploads\/sites\/5\/2022\/03\/imdatdelibas.jpg\" alt=\"\" class=\"wp-image-22 size-full\" srcset=\"https:\/\/tepekoy.de\/en\/wp-content\/uploads\/sites\/5\/2022\/03\/imdatdelibas.jpg 320w, https:\/\/tepekoy.de\/en\/wp-content\/uploads\/sites\/5\/2022\/03\/imdatdelibas-300x225.jpg 300w\" sizes=\"auto, (max-width: 320px) 100vw, 320px\" \/><\/figure><div class=\"wp-block-media-text__content\">\n<p class=\"has-medium-font-size\">\u0130mdat Deliba\u015f, President of the Association of Tepek\u00f6y People<\/p>\n<\/div><\/div>\n","protected":false},"excerpt":{"rendered":"<p>Province: K\u0131r\u015fehirDistrict: KamanVillage: Tepek\u00f6yPopulation: 344Number of Houses: 220Mukhtar: \u00d6mer \u015eenDistance to Province: 35 kmDistance to District: 17 km Students and teacher in front of the Primary School of the Village Local Administrator (Mukhtar): \u00d6mer \u015een Imam Said S\u00f6nmez \u0130mdat Deliba\u015f, President of the Association of Tepek\u00f6y People<\/p>\n","protected":false},"author":1,"featured_media":0,"parent":0,"menu_order":0,"comment_status":"closed","ping_status":"closed","template":"","meta":{"_bbp_topic_count":0,"_bbp_reply_count":0,"_bbp_total_topic_count":0,"_bbp_total_reply_count":0,"_bbp_voice_count":0,"_bbp_anonymous_reply_count":0,"_bbp_topic_count_hidden":0,"_bbp_reply_count_hidden":0,"_bbp_forum_subforum_count":0,"footnotes":""},"class_list":["post-19","page","type-page","status-publish","hentry"],"_links":{"self":[{"href":"https:\/\/tepekoy.de\/en\/wp-json\/wp\/v2\/pages\/19","targetHints":{"allow":["GET"]}}],"collection":[{"href":"https:\/\/tepekoy.de\/en\/wp-json\/wp\/v2\/pages"}],"about":[{"href":"https:\/\/tepekoy.de\/en\/wp-json\/wp\/v2\/types\/page"}],"author":[{"embeddable":true,"href":"https:\/\/tepekoy.de\/en\/wp-json\/wp\/v2\/users\/1"}],"replies":[{"embeddable":true,"href":"https:\/\/tepekoy.de\/en\/wp-json\/wp\/v2\/comments?post=19"}],"version-history":[{"count":3,"href":"https:\/\/tepekoy.de\/en\/wp-json\/wp\/v2\/pages\/19\/revisions"}],"predecessor-version":[{"id":98,"href":"https:\/\/tepekoy.de\/en\/wp-json\/wp\/v2\/pages\/19\/revisions\/98"}],"wp:attachment":[{"href":"https:\/\/tepekoy.de\/en\/wp-json\/wp\/v2\/media?parent=19"}],"curies":[{"name":"wp","href":"https:\/\/api.w.org\/{rel}","templated":true}]}}