{"id":191,"date":"2022-07-09T21:33:57","date_gmt":"2022-07-09T18:33:57","guid":{"rendered":"http:\/\/tepekoy.de\/en\/?page_id=191"},"modified":"2022-07-09T21:33:58","modified_gmt":"2022-07-09T18:33:58","slug":"clans","status":"publish","type":"page","link":"https:\/\/tepekoy.de\/en\/clans\/","title":{"rendered":"Clans"},"content":{"rendered":"\n<p class=\"has-text-align-center\"><strong>A<\/strong><br>Araplar<\/p>\n\n\n\n<p class=\"has-text-align-center\"><strong>B<\/strong><br>Bezirciler<br>Boynu \u0130nceliler<\/p>\n\n\n\n<p class=\"has-text-align-center\"><strong>C &#8211; \u00c7<\/strong><br>C\u0131mb\u0131zlar<br>\u00c7ak\u0131rlar<\/p>\n\n\n\n<p class=\"has-text-align-center\"><strong>D<\/strong><br>Demirciler<\/p>\n\n\n\n<p class=\"has-text-align-center\"><strong>E<\/strong><br>Eminler<\/p>\n\n\n\n<p class=\"has-text-align-center\"><strong>F<\/strong><br>Feyzullahlar<\/p>\n\n\n\n<p class=\"has-text-align-center\"><strong>G<\/strong><br>Gaferler<\/p>\n\n\n\n<p class=\"has-text-align-center\"><strong>H<\/strong><br>Hamolar<br>Hac\u0131ndedeler<br>Hekimler<br>Herkliu\u015fa\u011f\u0131<br>H\u0131d\u0131rlar<\/p>\n\n\n\n<p class=\"has-text-align-center\"><strong>\u0130<\/strong><br>\u0130bolar<\/p>\n\n\n\n<p class=\"has-text-align-center\"><strong>K<\/strong><br>Kara Osmanlar<br>Kara Mustafalar<\/p>\n\n\n\n<p class=\"has-text-align-center\"><strong>L<\/strong><br>Lomenler<\/p>\n\n\n\n<p class=\"has-text-align-center\"><strong>M<\/strong><br>Manavlar<br>Merdenler<\/p>\n\n\n\n<p class=\"has-text-align-center\"><strong>N<\/strong><br>Nebiler<\/p>\n\n\n\n<p class=\"has-text-align-center\"><strong>S &#8211; \u015e<\/strong><br>Sar\u0131lar<br>Senemler<br>\u015e\u0131hlar<\/p>\n\n\n\n<p class=\"has-text-align-center\"><strong>T<\/strong><br>Takayitler<\/p>\n\n\n\n<p class=\"has-text-align-center\"><strong>U-\u00dc<\/strong><br>\u00dc\u00e7ler<\/p>\n\n\n\n<p class=\"has-text-align-center\"><strong>Y<\/strong><br>Yayalar<br>Ye\u015fil U\u015fa\u011f\u0131<\/p>\n","protected":false},"excerpt":{"rendered":"<p>AAraplar BBezircilerBoynu \u0130nceliler C &#8211; \u00c7C\u0131mb\u0131zlar\u00c7ak\u0131rlar DDemirciler EEminler FFeyzullahlar GGaferler HHamolarHac\u0131ndedelerHekimlerHerkliu\u015fa\u011f\u0131H\u0131d\u0131rlar \u0130\u0130bolar KKara OsmanlarKara Mustafalar LLomenler MManavlarMerdenler NNebiler S &#8211; \u015eSar\u0131larSenemler\u015e\u0131hlar TTakayitler U-\u00dc\u00dc\u00e7ler YYayalarYe\u015fil U\u015fa\u011f\u0131<\/p>\n","protected":false},"author":1,"featured_media":0,"parent":0,"menu_order":0,"comment_status":"closed","ping_status":"closed","template":"","meta":{"_bbp_topic_count":0,"_bbp_reply_count":0,"_bbp_total_topic_count":0,"_bbp_total_reply_count":0,"_bbp_voice_count":0,"_bbp_anonymous_reply_count":0,"_bbp_topic_count_hidden":0,"_bbp_reply_count_hidden":0,"_bbp_forum_subforum_count":0,"footnotes":""},"class_list":["post-191","page","type-page","status-publish","hentry"],"_links":{"self":[{"href":"https:\/\/tepekoy.de\/en\/wp-json\/wp\/v2\/pages\/191","targetHints":{"allow":["GET"]}}],"collection":[{"href":"https:\/\/tepekoy.de\/en\/wp-json\/wp\/v2\/pages"}],"about":[{"href":"https:\/\/tepekoy.de\/en\/wp-json\/wp\/v2\/types\/page"}],"author":[{"embeddable":true,"href":"https:\/\/tepekoy.de\/en\/wp-json\/wp\/v2\/users\/1"}],"replies":[{"embeddable":true,"href":"https:\/\/tepekoy.de\/en\/wp-json\/wp\/v2\/comments?post=191"}],"version-history":[{"count":1,"href":"https:\/\/tepekoy.de\/en\/wp-json\/wp\/v2\/pages\/191\/revisions"}],"predecessor-version":[{"id":192,"href":"https:\/\/tepekoy.de\/en\/wp-json\/wp\/v2\/pages\/191\/revisions\/192"}],"wp:attachment":[{"href":"https:\/\/tepekoy.de\/en\/wp-json\/wp\/v2\/media?parent=191"}],"curies":[{"name":"wp","href":"https:\/\/api.w.org\/{rel}","templated":true}]}}