{"id":81,"date":"2022-03-10T22:37:48","date_gmt":"2022-03-10T19:37:48","guid":{"rendered":"http:\/\/tepekoy.de\/en\/?page_id=81"},"modified":"2022-03-10T23:40:21","modified_gmt":"2022-03-10T20:40:21","slug":"links","status":"publish","type":"page","link":"https:\/\/tepekoy.de\/en\/links\/","title":{"rendered":"Links"},"content":{"rendered":"\n<ul class=\"wp-block-list\"><li>District K\u0131r\u015fehir: <a rel=\"noreferrer noopener\" href=\"http:\/\/www.kirsehir.bel.tr\" target=\"_blank\">http:\/\/www.kirsehir.bel.tr<\/a><\/li><li>District Kaman: <a rel=\"noreferrer noopener\" href=\"http:\/\/www.kaman.bel.tr\" target=\"_blank\">http:\/\/www.kaman.bel.tr<\/a><\/li><li>\u00d6mer Hac\u0131l\u0131 Town: <a rel=\"noreferrer noopener\" href=\"http:\/\/www.omerhacili.com\" target=\"_blank\">http:\/\/www.omerhacili.com<\/a><\/li><li>Tepek\u00f6y FM: <\/li><\/ul>\n\n\n\n<p><\/p>\n","protected":false},"excerpt":{"rendered":"<p>District K\u0131r\u015fehir: http:\/\/www.kirsehir.bel.tr District Kaman: http:\/\/www.kaman.bel.tr \u00d6mer Hac\u0131l\u0131 Town: http:\/\/www.omerhacili.com Tepek\u00f6y FM:<\/p>\n","protected":false},"author":1,"featured_media":0,"parent":0,"menu_order":0,"comment_status":"closed","ping_status":"closed","template":"","meta":{"_bbp_topic_count":0,"_bbp_reply_count":0,"_bbp_total_topic_count":0,"_bbp_total_reply_count":0,"_bbp_voice_count":0,"_bbp_anonymous_reply_count":0,"_bbp_topic_count_hidden":0,"_bbp_reply_count_hidden":0,"_bbp_forum_subforum_count":0,"footnotes":""},"class_list":["post-81","page","type-page","status-publish","hentry"],"_links":{"self":[{"href":"https:\/\/tepekoy.de\/en\/wp-json\/wp\/v2\/pages\/81","targetHints":{"allow":["GET"]}}],"collection":[{"href":"https:\/\/tepekoy.de\/en\/wp-json\/wp\/v2\/pages"}],"about":[{"href":"https:\/\/tepekoy.de\/en\/wp-json\/wp\/v2\/types\/page"}],"author":[{"embeddable":true,"href":"https:\/\/tepekoy.de\/en\/wp-json\/wp\/v2\/users\/1"}],"replies":[{"embeddable":true,"href":"https:\/\/tepekoy.de\/en\/wp-json\/wp\/v2\/comments?post=81"}],"version-history":[{"count":3,"href":"https:\/\/tepekoy.de\/en\/wp-json\/wp\/v2\/pages\/81\/revisions"}],"predecessor-version":[{"id":87,"href":"https:\/\/tepekoy.de\/en\/wp-json\/wp\/v2\/pages\/81\/revisions\/87"}],"wp:attachment":[{"href":"https:\/\/tepekoy.de\/en\/wp-json\/wp\/v2\/media?parent=81"}],"curies":[{"name":"wp","href":"https:\/\/api.w.org\/{rel}","templated":true}]}}